{"id":7070,"date":"2023-07-19T09:57:52","date_gmt":"2023-07-19T08:57:52","guid":{"rendered":"https:\/\/conselhodecultura.uma.pt\/?page_id=7070"},"modified":"2025-08-12T12:44:57","modified_gmt":"2025-08-12T11:44:57","slug":"performance-experimental","status":"publish","type":"page","link":"https:\/\/conselhodecultura.uma.pt\/en\/performance-experimental\/","title":{"rendered":"Experimental Performance Lab"},"content":{"rendered":"<h2>Experimental Performance Lab<\/h2>\n<p style=\"text-align: justify;\">Welcome to <strong>Experimental Performance Lab <\/strong>(EP.L), a dynamic and inclusive space that fosters creativity and supports the initiatives of UMa students and alumni. If you are passionate about the development of artistic projects in the area of <em>performance<\/em>, our laboratory is the perfect space for you.<\/p>\n<p style=\"text-align: justify;\">We embrace diverse disciplines, encouraging innovation and exploration, and offer a multitude of opportunities to bring your artistic vision to life. Whether you&#8217;re a student eager to showcase your talent or a former student looking for a platform for your latest project, we&#8217;re here to support and reward your artistic endeavours.\u00a0When you collaborate with us, you&#8217;ll have access to our facilities, expert guidance and a vibrant community of colleagues. We believe in providing a nurturing environment that encourages growth and pushes the boundaries of the performing arts.<\/p>\n<p style=\"text-align: justify;\">If you are ready to embark on an exciting artistic journey, we invite you to get in touch with us. Fill in our user-friendly <a href=\"https:\/\/conselhodecultura.uma.pt\/wp-content\/uploads\/2023\/02\/formulario_activity_proposals_cc_uma_en_23_25.docx\">form<\/a> and send it to conselho.cultura@mail.uma.pt. Our team will be happy to get in touch with you. Together, we can explore new horizons in the art of <em>performance<\/em> and create unforgettable experiences.<\/p>\n<p style=\"text-align: justify;\">Join us at <strong>Experimental Performance Lab<\/strong> and let your creativity shine!<\/p>\n<h2>Events held<\/h2>\n<p>&#8211; Research visit by Ant\u00f3nio Ba\u00eda Reis, PhD, University of Salamanca, in collaboration with Quinta Magn\u00f3lia &#8211; Cultural Center &#8211; May 2025<\/p>\n<p>&#8211; Research visit by Tales Frey, PhD, University of Minho, sharing his experience at the <strong>XI Iberian Aesthetics Meeting<\/strong> &#8211; October 2024<\/p>\n<p>&#8211; Research visit by Christiane Brohl, PhD, University of Bremen, dedicated to the <em><strong>Connected by Water<\/strong><\/em> project &#8211; September 2024<\/p>\n<p>&#8211; Research Visit and Public Presentation of Artistic Work &#8211; <strong><a style=\"color: #d5bf81;\" href=\"https:\/\/conselhodecultura.uma.pt\/wp-content\/uploads\/2024\/03\/antonio_b_reis_er_uma_2024_en_final_version.pdf\"><em>Encoded Movements: Artistic Explorations in the Age of Artificial Intelligence<\/em><\/a><em>\u00a0<\/em><\/strong>by Ant\u00f3nio Ba\u00eda Reis, PhD, in close collaboration with CEPAM and Qta.Magn\u00f3lia &#8211; Cultural Centre | March 2024<\/p>\n<p>&#8211; <strong><em>SPEAKING<\/em><\/strong> about Ant\u00f3nio Arag\u00e3o, on the occasion of the Centenary Celebrations of his birth | September 2021<\/p>\n<h2>ACCESS OUR PUBLICATIONS ON &#8216;P&#8217; &#038; &#8216;Er&#8217;<\/h2>\n<p>\t\t\t\t\t\t\t\t\t\t\t\t\t<a href=\"https:\/\/conselhodecultura.uma.pt\/en\/publicacoes\/\"><br \/>\n\t\t\t\t\t\t\t<img decoding=\"async\" src=\"https:\/\/conselhodecultura.uma.pt\/wp-content\/uploads\/elementor\/thumbs\/PUBLICACOES-q9avdqjjguqyee35ky0vw3864atwuajafcawlkzbug.jpg\" title=\"PUBLICACOES\" alt=\"PUBLICACOES\" loading=\"lazy\" \/>\t\t\t\t\t\t\t\t<\/a><br \/>\n\t\t\t\t\t\t\t\t\t\t\t\t\t<a href=\"https:\/\/conselhodecultura.uma.pt\/en\/espaco-random\/\"><br \/>\n\t\t\t\t\t\t\t<img decoding=\"async\" src=\"https:\/\/conselhodecultura.uma.pt\/wp-content\/uploads\/elementor\/thumbs\/Er-qabgpdb40o4jqem5vkk6uefy0vs6zq2hkj1cqvhlmg.jpg\" title=\"Er\" alt=\"Er\" loading=\"lazy\" \/>\t\t\t\t\t\t\t\t<\/a><\/p>\n<h2>Go directly to the Choreographic Research Centre (N.PC).<\/h2>\n<p>\t\t\t\t\t\t\t\t\t\t\t\t\t<a href=\"https:\/\/conselhodecultura.uma.pt\/en\/nucleo-coreografico\/\"><br \/>\n\t\t\t\t\t\t\t<img decoding=\"async\" src=\"https:\/\/conselhodecultura.uma.pt\/wp-content\/uploads\/elementor\/thumbs\/2-qm2ogg4lou77m34fj7iy5m05rvwnpl4qwcwuwm956s.png\" title=\"2\" alt=\"2\" loading=\"lazy\" \/>\t\t\t\t\t\t\t\t<\/a><\/p>\n<h2>Co-ordination<\/h2>\n<p>\t\t\t\t\t\t\t\t\t\t\t\t<img decoding=\"async\" width=\"922\" height=\"1024\" src=\"https:\/\/conselhodecultura.uma.pt\/wp-content\/uploads\/2018\/07\/IMG_0262.2-922x1024.png\" alt=\"\" loading=\"lazy\" srcset=\"https:\/\/conselhodecultura.uma.pt\/wp-content\/uploads\/2018\/07\/IMG_0262.2-922x1024.png 922w, https:\/\/conselhodecultura.uma.pt\/wp-content\/uploads\/2018\/07\/IMG_0262.2-270x300.png 270w, https:\/\/conselhodecultura.uma.pt\/wp-content\/uploads\/2018\/07\/IMG_0262.2-768x853.png 768w, https:\/\/conselhodecultura.uma.pt\/wp-content\/uploads\/2018\/07\/IMG_0262.2-180x200.png 180w, https:\/\/conselhodecultura.uma.pt\/wp-content\/uploads\/2018\/07\/IMG_0262.2.png 1455w\" sizes=\"(max-width: 922px) 100vw, 922px\" \/>\t\t\t\t\t\t\t\t\t\t\t\t\t\t<\/p>\n<p style=\"text-align: center;\">Teresa Norton Dias<\/p>\n<p>\t\t\t\t\t\t\t\t\t\t\t\t<img decoding=\"async\" width=\"1024\" height=\"1022\" src=\"https:\/\/conselhodecultura.uma.pt\/wp-content\/uploads\/2023\/04\/IMG_2825-2-1024x1022.jpg\" alt=\"\" loading=\"lazy\" srcset=\"https:\/\/conselhodecultura.uma.pt\/wp-content\/uploads\/2023\/04\/IMG_2825-2-1024x1022.jpg 1024w, https:\/\/conselhodecultura.uma.pt\/wp-content\/uploads\/2023\/04\/IMG_2825-2-300x300.jpg 300w, https:\/\/conselhodecultura.uma.pt\/wp-content\/uploads\/2023\/04\/IMG_2825-2-150x150.jpg 150w, https:\/\/conselhodecultura.uma.pt\/wp-content\/uploads\/2023\/04\/IMG_2825-2-768x766.jpg 768w, https:\/\/conselhodecultura.uma.pt\/wp-content\/uploads\/2023\/04\/IMG_2825-2-1536x1532.jpg 1536w, https:\/\/conselhodecultura.uma.pt\/wp-content\/uploads\/2023\/04\/IMG_2825-2-2048x2043.jpg 2048w, https:\/\/conselhodecultura.uma.pt\/wp-content\/uploads\/2023\/04\/IMG_2825-2-200x200.jpg 200w, https:\/\/conselhodecultura.uma.pt\/wp-content\/uploads\/2023\/04\/IMG_2825-2-1920x1916.jpg 1920w\" sizes=\"(max-width: 1024px) 100vw, 1024px\" \/>\t\t\t\t\t\t\t\t\t\t\t\t\t\t<\/p>\n<p style=\"text-align: center;\">Andreia Nascimento<\/p>\n","protected":false},"excerpt":{"rendered":"<p>Experimental Performance Lab Welcome to Experimental Performance Lab (EP.L), a dynamic and inclusive space that fosters creativity and supports the initiatives of UMa students and alumni. If you are passionate about the development of artistic projects in the area of performance, our laboratory is the perfect space for you. We &hellip;<\/p>\n","protected":false},"author":1,"featured_media":0,"parent":0,"menu_order":0,"comment_status":"closed","ping_status":"closed","template":"elementor_header_footer","meta":[],"translation":{"provider":"WPGlobus","version":"3.0.2","language":"en","enabled_languages":["pt","en"],"languages":{"pt":{"title":true,"content":true,"excerpt":false},"en":{"title":true,"content":true,"excerpt":false}}},"_links":{"self":[{"href":"https:\/\/conselhodecultura.uma.pt\/en\/wp-json\/wp\/v2\/pages\/7070"}],"collection":[{"href":"https:\/\/conselhodecultura.uma.pt\/en\/wp-json\/wp\/v2\/pages"}],"about":[{"href":"https:\/\/conselhodecultura.uma.pt\/en\/wp-json\/wp\/v2\/types\/page"}],"author":[{"embeddable":true,"href":"https:\/\/conselhodecultura.uma.pt\/en\/wp-json\/wp\/v2\/users\/1"}],"replies":[{"embeddable":true,"href":"https:\/\/conselhodecultura.uma.pt\/en\/wp-json\/wp\/v2\/comments?post=7070"}],"version-history":[{"count":140,"href":"https:\/\/conselhodecultura.uma.pt\/en\/wp-json\/wp\/v2\/pages\/7070\/revisions"}],"predecessor-version":[{"id":9337,"href":"https:\/\/conselhodecultura.uma.pt\/en\/wp-json\/wp\/v2\/pages\/7070\/revisions\/9337"}],"wp:attachment":[{"href":"https:\/\/conselhodecultura.uma.pt\/en\/wp-json\/wp\/v2\/media?parent=7070"}],"curies":[{"name":"wp","href":"https:\/\/api.w.org\/{rel}","templated":true}]}}