{"id":7372,"date":"2023-09-18T11:37:39","date_gmt":"2023-09-18T10:37:39","guid":{"rendered":"https:\/\/conselhodecultura.uma.pt\/?page_id=7372"},"modified":"2025-11-26T10:51:23","modified_gmt":"2025-11-26T10:51:23","slug":"er-textos","status":"publish","type":"page","link":"https:\/\/conselhodecultura.uma.pt\/en\/er-textos\/","title":{"rendered":"Er-textos"},"content":{"rendered":"<h2>Rs | TEXTS<\/h2>\n<p>\t\t\t\t\t\t\t\t\t\t\t\t<img decoding=\"async\" src=\"https:\/\/conselhodecultura.uma.pt\/wp-content\/uploads\/elementor\/thumbs\/TEXTOS-q9avdtczlnb32ec5ysvcfmhulgx5pndev42osiylt4.jpg\" title=\"TEXTOS\" alt=\"TEXTOS\" loading=\"lazy\" \/>\t\t\t\t\t\t\t\t\t\t\t\t\t\t<\/p>\n<p><a style=\"color: #d5bf81;\" href=\"https:\/\/conselhodecultura.uma.pt\/wp-content\/uploads\/2025\/11\/espacorandom_manifiesto_antoniobaiareis.pdf\">BA\u00cdA REIS, A. (2025).\u00a0<em>Comunicar arte con arte: habitar el museo desde la experiencia sensible<\/em>. Er\/CC\/UMa<\/a><\/p>\n<p>\t\t\t\t\t\t\t\t\t\t\t\t<img decoding=\"async\" src=\"https:\/\/conselhodecultura.uma.pt\/wp-content\/uploads\/elementor\/thumbs\/TEXTOS-q9avdtczlnb32ec5ysvcfmhulgx5pndev42osiylt4.jpg\" title=\"TEXTOS\" alt=\"TEXTOS\" loading=\"lazy\" \/>\t\t\t\t\t\t\t\t\t\t\t\t\t\t<\/p>\n<p>LAGINHA, A. (2023). <a href=\"https:\/\/conselhodecultura.uma.pt\/wp-content\/uploads\/2023\/09\/texto_er_al_2023.pdf\"><em>A \u00faltima cria\u00e7\u00e3o de Ohad Naharin para a Batsheva no CCB<\/em><\/a>. Er\/CC\/UMa<\/p>\n","protected":false},"excerpt":{"rendered":"<p>Rs | TEXTS BA\u00cdA REIS, A. (2025).\u00a0Comunicar arte con arte: habitar el museo desde la experiencia sensible. Er\/CC\/UMa LAGINHA, A. (2023). A \u00faltima cria\u00e7\u00e3o de Ohad Naharin para a Batsheva no CCB. Er\/CC\/UMa<\/p>\n","protected":false},"author":1,"featured_media":0,"parent":0,"menu_order":0,"comment_status":"closed","ping_status":"closed","template":"elementor_header_footer","meta":[],"translation":{"provider":"WPGlobus","version":"3.0.2","language":"en","enabled_languages":["pt","en"],"languages":{"pt":{"title":true,"content":true,"excerpt":false},"en":{"title":true,"content":true,"excerpt":false}}},"_links":{"self":[{"href":"https:\/\/conselhodecultura.uma.pt\/en\/wp-json\/wp\/v2\/pages\/7372"}],"collection":[{"href":"https:\/\/conselhodecultura.uma.pt\/en\/wp-json\/wp\/v2\/pages"}],"about":[{"href":"https:\/\/conselhodecultura.uma.pt\/en\/wp-json\/wp\/v2\/types\/page"}],"author":[{"embeddable":true,"href":"https:\/\/conselhodecultura.uma.pt\/en\/wp-json\/wp\/v2\/users\/1"}],"replies":[{"embeddable":true,"href":"https:\/\/conselhodecultura.uma.pt\/en\/wp-json\/wp\/v2\/comments?post=7372"}],"version-history":[{"count":40,"href":"https:\/\/conselhodecultura.uma.pt\/en\/wp-json\/wp\/v2\/pages\/7372\/revisions"}],"predecessor-version":[{"id":9485,"href":"https:\/\/conselhodecultura.uma.pt\/en\/wp-json\/wp\/v2\/pages\/7372\/revisions\/9485"}],"wp:attachment":[{"href":"https:\/\/conselhodecultura.uma.pt\/en\/wp-json\/wp\/v2\/media?parent=7372"}],"curies":[{"name":"wp","href":"https:\/\/api.w.org\/{rel}","templated":true}]}}