{"id":7788,"date":"2024-02-19T16:07:12","date_gmt":"2024-02-19T16:07:12","guid":{"rendered":"https:\/\/conselhodecultura.uma.pt\/?page_id=7788"},"modified":"2024-10-15T10:02:04","modified_gmt":"2024-10-15T09:02:04","slug":"x-encontro-iberico-de-estetica","status":"publish","type":"page","link":"https:\/\/conselhodecultura.uma.pt\/en\/x-encontro-iberico-de-estetica\/","title":{"rendered":"X Encontro Ib\u00e9rico de Est\u00e9tica"},"content":{"rendered":"<p><img decoding=\"async\" width=\"2484\" height=\"1241\" src=\"https:\/\/conselhodecultura.uma.pt\/wp-content\/uploads\/2024\/03\/Banner_EN.png\" alt=\"\" loading=\"lazy\" srcset=\"https:\/\/i0.wp.com\/conselhodecultura.uma.pt\/wp-content\/uploads\/2024\/03\/Banner_EN.png?w=2484&amp;ssl=1 2484w, https:\/\/i0.wp.com\/conselhodecultura.uma.pt\/wp-content\/uploads\/2024\/03\/Banner_EN.png?resize=300%2C150&amp;ssl=1 300w, https:\/\/i0.wp.com\/conselhodecultura.uma.pt\/wp-content\/uploads\/2024\/03\/Banner_EN.png?resize=1024%2C512&amp;ssl=1 1024w, https:\/\/i0.wp.com\/conselhodecultura.uma.pt\/wp-content\/uploads\/2024\/03\/Banner_EN.png?resize=768%2C384&amp;ssl=1 768w, https:\/\/i0.wp.com\/conselhodecultura.uma.pt\/wp-content\/uploads\/2024\/03\/Banner_EN.png?resize=1536%2C767&amp;ssl=1 1536w, https:\/\/i0.wp.com\/conselhodecultura.uma.pt\/wp-content\/uploads\/2024\/03\/Banner_EN.png?resize=2048%2C1023&amp;ssl=1 2048w, https:\/\/i0.wp.com\/conselhodecultura.uma.pt\/wp-content\/uploads\/2024\/03\/Banner_EN.png?resize=400%2C200&amp;ssl=1 400w, https:\/\/i0.wp.com\/conselhodecultura.uma.pt\/wp-content\/uploads\/2024\/03\/Banner_EN.png?resize=1920%2C959&amp;ssl=1 1920w\" sizes=\"(max-width: 2484px) 100vw, 2484px\" \/>\t\t\t\t\t\t\t\t\t\t\t\t\t\t<\/p>\n<h2>Call for papers<\/h2>\n<p>\t\t\t\t\t\t\t\t\t\t\t\t\t<a href=\"https:\/\/conselhodecultura.uma.pt\/wp-content\/uploads\/2024\/03\/CALL-FOR-PAPERS-ingles-FINAL.pdf\"><br \/>\n\t\t\t\t\t\t\t<img decoding=\"async\" src=\"https:\/\/conselhodecultura.uma.pt\/wp-content\/uploads\/elementor\/thumbs\/bandeira_en-scaled-qkrpdvbohco6o41sk9ytrzu2vow1bg873nps8h6yhu.jpg\" title=\"Basic RGB\" alt=\"Illustration of UK flag\" loading=\"lazy\" \/>\t\t\t\t\t\t\t\t<\/a><br \/>\n\t\t\t\t\t\t\t\t\t\t\t\t\t<a href=\"https:\/\/conselhodecultura.uma.pt\/wp-content\/uploads\/2024\/03\/CALL-FOR-PAPERS-castellano-FINAL.pdf\"><br \/>\n\t\t\t\t\t\t\t<img decoding=\"async\" src=\"https:\/\/conselhodecultura.uma.pt\/wp-content\/uploads\/elementor\/thumbs\/bandeira_espanha-qkrfi7669kyvvp24f3z29egttf2ymmjx1i6hayygrw.jpg\" title=\"Spain map Collection\" alt=\"Spain map Collection\" loading=\"lazy\" \/>\t\t\t\t\t\t\t\t<\/a><\/p>\n<p style=\"text-align: justify;\">From the concept of beauty and of art, through anti-aesthetic positions in modern art and the linguistic turn during the 1980s, all the way to recent defences of a post-conceptual art, much of western tradition is structured around the tension between theoretical reflection and artistic practice.\u00a0 <em>The X Iberian Meeting on Aesthetics<\/em> aims to promote debates around these questions, by proposing a return, problematisation and possible redefinition of the concepts <em>aisthesis<\/em> and <em>poiesis <\/em>&#8211; exploring movements of connection, permeability, reciprocity, and circularity between the two terms.<\/p>\n<p style=\"text-align: justify;\">\u00a0<\/p>\n<p style=\"text-align: justify;\">The first starting point is <em>aiesthesis, <\/em>understood as both the reception of the sensible and the theoretical reflection on such reception. The second, arriving from the Aristotelian legacy, is <em>poiseis, <\/em>read as a creative act in the broadest sense of the term. These concepts necessarily bring forth another problematic: that of the relations between theory and praxis in what concerns the interruption, influence, and contamination between the field of theory and artistic practice. These dynamics substantiate in activities where aesthetics is directly or indirectly applied, such as curating, art history, aesthetic-artistic education, and art criticism, as well as in research, academic and otherwise, carried out by artists.<\/p>\n<p style=\"text-align: justify;\">\u00a0<\/p>\n<p style=\"text-align: justify;\">The contamination between theory and practice can also result in a double condition, i.e. an ontological simultaneity: with authors such as Friedrich Nietzsche, Ludwig Wittgenstein and Jean-Fran\u00e7ois Lyotard emerges the figure of the <em>philosopher-artist<\/em>. With Marcel Duchamp, Joseph Beuys, Hito Steyerl or Art&amp;Language, appears the figure of the artist-philosopher. In turn, in art criticism and curating, the likes of works by Rosalind E. Krauss, Mike Kelly, Nicholas Bourriaud or Olwui Enwezor can be seen as <em>poiesis<\/em>.<\/p>\n<p style=\"text-align: justify;\">Evoking such examples, we invite researchers working on the field of <em>aethetics<\/em> and related areas to submit proposals on the following scope of themes:<\/p>\n<p style=\"text-align: justify;\">\u00a0<\/p>\n<p>\u00a0 \u00a0 \u00a0 \u00a01- The philosopher as producer.<\/p>\n<p>\u00a0 \u00a0 \u00a0 \u00a02- The artist as thinker.<\/p>\n<p>\u00a0 \u00a0 \u00a0 \u00a03 &#8211; an Art without theory?<\/p>\n<p>\u00a0 \u00a0 \u00a0 \u00a04 &#8211; Curating as <em>aisthesis<\/em> and <em>poiesis.<\/em><\/p>\n<p>\u00a0 \u00a0 \u00a0 \u00a05 &#8211; Art Criticism as <em>aisthesis<\/em> and <em>poiesis.<\/em><\/p>\n<p>\u00a0 \u00a0 \u00a0 \u00a06 &#8211; Aesthetic experience and artistic experience.<\/p>\n<p>\u00a0 \u00a0 \u00a0 \u00a07 &#8211; Aesthetic education and <em>poiesis<\/em> lead education.<\/p>\n<p>\u00a0 \u00a0 \u00a0 \u00a08 &#8211; <em>Aisthesis<\/em> and <em>poiesis<\/em>: aesthetics versus philosophy of art.<\/p>\n<p>\u00a0 \u00a0 \u00a0 \u00a09 &#8211; The aestheticisation and artification of today\u2019s world.<\/p>\n<p>\u00a0 \u00a0 \u00a010 &#8211; The place of <em>poiesis<\/em> and <em>aisthesis<\/em> in the context of artificial intelligence.<\/p>\n<p>\u00a0 \u00a0 \u00a0<\/p>\n<p><strong>\u00a0<\/strong><\/p>\n<p><strong>KEYNOTE SPEAKERS<\/strong><\/p>\n<p>Cristina Azevedo Tavares (Universidade de Lisboa)<\/p>\n<p>Gerard Vilar (Universidad Aut\u00f3noma de Barcelona)<\/p>\n<p>Tales FREY (Cia. Excessos | CEHUM \u2013 Portugal)<\/p>\n<p><strong>\u00a0<\/strong><\/p>\n<p><strong>ORGANIZING COMMITEE<\/strong><\/p>\n<p>Carlos Valente (Universidade da Madeira)<\/p>\n<p>Jo\u00e3o Gon\u00e7alves (Universidade da Madeira)<\/p>\n<p>Rosa Ben\u00e9itez (Universidad de Salamanca)<\/p>\n<p>Teresa Norton Dias (Universidade da Madeira | CRIA-NOVA FCSH \/ IN2PAST)<\/p>\n<p><strong>\u00a0<\/strong><\/p>\n<p><strong>SCIENTIFIC COMMITEE<\/strong><\/p>\n<p>Carmen Rodr\u00edguez Mart\u00edn (Universidad de Granada)<\/p>\n<p>Jos\u00e9 Ant\u00f3nio Domingues (Universidade da Beira Interior)<\/p>\n<p>Jos\u00e9 Carlos Pereira (Universidade de Lisboa)<\/p>\n<p>Juan Evaristo Valls Boix (Universidade Complutense de Madrid)<\/p>\n<p>Magda Polo (Universidad de Barcelona)<\/p>\n<p>Miguel \u00c1ngel Rivero G\u00f3mez (Universidad de Sevilla)<\/p>\n<p>N\u00e9lio Concei\u00e7\u00e3o (Universidade Nova de Lisboa)<\/p>\n<p>Nuno Fonseca (Universidade Nova de Lisboa)<\/p>\n<p>Raquel Cascales Torn\u00e9 (Universidad de Navarra)<\/p>\n<p>Sabela Zamudio (Universidade da Madeira)<\/p>\n<p>Susana Viegas (Universidade Nova de Lisboa)<\/p>\n<p>V\u00edtor Magalh\u00e3es (Universidade da Madeira)<\/p>\n<p><strong>\u00a0<\/strong><\/p>\n<p><strong>TECHNICAL COMMITEE<\/strong><\/p>\n<p>Cristina Camacho (Universidade da Madeira)<\/p>\n<p>Gabinete de Comunica\u00e7\u00e3o e Marketing (Universidade da Madeira)<\/p>\n<p><strong>\u00a0<\/strong><strong style=\"color: #000000;\">\u00a0<\/strong><\/p>\n<p><strong>PROCEDURES<\/strong><\/p>\n<p>Abstracts (max. 500 words)<\/p>\n<p>Bibliography (max. five references)<\/p>\n<p>Five keywords<\/p>\n<p>Brief biography (max. 200 words)<\/p>\n<p>Abstracts must be sent to the following email: <a style=\"color: #639841;\" href=\"mailto:eie.funchal@mail.uma.pt\">eie.funchal@mail.uma.pt<\/a><\/p>\n<p>The selection will be made considering the scientific quality of the proposals and their connection with the theme of the conference and the proposed research avenues.<\/p>\n<p>The presentation time for communications will be 20 minutes followed by a 10-minute open discussion.<\/p>\n<p>The official languages will be Portuguese, Spanish, and English.<\/p>\n<p><strong>\u00a0<\/strong><\/p>\n<p><strong>IMPORTANT DATES<\/strong><\/p>\n<p>\u00a0 \u00a0&#8211; Deadline for abstract submission: May 3<\/p>\n<p>\u00a0 \u00a0&#8211; Acceptance notification: from June 3<\/p>\n<p>\u00a0 \u00a0&#8211; Speaker\u2019s registration: from June 3 to July 14\u00a0<\/p>\n<p>\u00a0 \u00a0&#8211; Programme disclosure: from July 22<\/p>\n<p>\u00a0 \u00a0&#8211; Attendees registration deadline: October 20<\/p>\n<p>\u00a0 \u00a0&#8211; Conference dates: October 24 &#8211; 26, 2024<\/p>\n<p><strong>REGISTRATIONS<\/strong><\/p>\n<p>\u00a0 \u00a0&#8211; Registration as a speaker: 70\u20ac<\/p>\n<p>\u00a0 \u00a0&#8211; Registration as a speaker member of SEyTA: 50\u20ac<\/p>\n<p>\u00a0 \u00a0&#8211; Registration as an attendee: 50\u20ac<\/p>\n<p>\u00a0 \u00a0&#8211; Registration as an attendee member of SEyTA or student: 40 \u20ac<\/p>\n<p><strong>SUPPORT SCHOLARSHIPS FOR DOCTORAL STUDENTS\u00a0<\/strong><\/p>\n<p style=\"text-align: justify;\">\u00a0 \u00a0 \u00a0 \u00a0&#8211; We have three scholarships to offer in the amount of \u20ac200 each. Any PhD candidate member of SEyTA or doctoral students working in Portugal, whose\u00a0 \u00a0 \u00a0 \u00a0 \u00a0 \u00a0 thesis is evidenced to be related to the conference, is eligible.\u00a0<\/p>\n<p style=\"text-align: justify;\">\u00a0 \u00a0 \u00a0 \u00a0&#8211; Scholarships will be awarded a posteriori, upon the presentation of the certificate of participation to SEyTA<\/p>\n<p><strong>\u00a0<\/strong><\/p>\n<p><strong>CONTACT<\/strong><\/p>\n<p><a style=\"color: #000000;\" href=\"mailto:eie.funchal@mail.uma.pt\">eie.funchal@mail.uma.pt<\/a><\/p>\n<p>\t\t\t\t\t\t\t\t\t\t\t\t<img decoding=\"async\" width=\"1024\" height=\"98\" src=\"https:\/\/conselhodecultura.uma.pt\/wp-content\/uploads\/2024\/03\/seyta_funchal_4-1024x98.png\" alt=\"\" loading=\"lazy\" srcset=\"https:\/\/i0.wp.com\/conselhodecultura.uma.pt\/wp-content\/uploads\/2024\/03\/seyta_funchal_4.png?resize=1024%2C98&amp;ssl=1 1024w, https:\/\/i0.wp.com\/conselhodecultura.uma.pt\/wp-content\/uploads\/2024\/03\/seyta_funchal_4.png?resize=300%2C29&amp;ssl=1 300w, https:\/\/i0.wp.com\/conselhodecultura.uma.pt\/wp-content\/uploads\/2024\/03\/seyta_funchal_4.png?resize=768%2C73&amp;ssl=1 768w, https:\/\/i0.wp.com\/conselhodecultura.uma.pt\/wp-content\/uploads\/2024\/03\/seyta_funchal_4.png?resize=1536%2C147&amp;ssl=1 1536w, https:\/\/i0.wp.com\/conselhodecultura.uma.pt\/wp-content\/uploads\/2024\/03\/seyta_funchal_4.png?w=1863&amp;ssl=1 1863w\" sizes=\"(max-width: 1024px) 100vw, 1024px\" \/><br \/>\n\t\t\t\t\t\t\t\t\t\tFacebook<br \/>\n\t\t\t\t\t\t\t\t\t\tTwitter<br \/>\n\t\t\t\t\t\t\t\t\t\tLinkedIn<br \/>\n\t\t\t\t\t\t\t\t\t\tWhatsApp<br \/>\n\t\t\t\t\t\t\t\t\t\tPrint<\/p>\n","protected":false},"excerpt":{"rendered":"<p>Call for papers From the concept of beauty and of art, through anti-aesthetic positions in modern art and the linguistic turn during the 1980s, all the way to recent defences of a post-conceptual art, much of western tradition is structured around the tension between theoretical reflection and artistic practice.\u00a0 The &hellip;<\/p>\n","protected":false},"author":1,"featured_media":0,"parent":0,"menu_order":0,"comment_status":"closed","ping_status":"closed","template":"elementor_header_footer","meta":[],"translation":{"provider":"WPGlobus","version":"3.0.2","language":"en","enabled_languages":["pt","en"],"languages":{"pt":{"title":true,"content":true,"excerpt":false},"en":{"title":true,"content":true,"excerpt":false}}},"_links":{"self":[{"href":"https:\/\/conselhodecultura.uma.pt\/en\/wp-json\/wp\/v2\/pages\/7788"}],"collection":[{"href":"https:\/\/conselhodecultura.uma.pt\/en\/wp-json\/wp\/v2\/pages"}],"about":[{"href":"https:\/\/conselhodecultura.uma.pt\/en\/wp-json\/wp\/v2\/types\/page"}],"author":[{"embeddable":true,"href":"https:\/\/conselhodecultura.uma.pt\/en\/wp-json\/wp\/v2\/users\/1"}],"replies":[{"embeddable":true,"href":"https:\/\/conselhodecultura.uma.pt\/en\/wp-json\/wp\/v2\/comments?post=7788"}],"version-history":[{"count":208,"href":"https:\/\/conselhodecultura.uma.pt\/en\/wp-json\/wp\/v2\/pages\/7788\/revisions"}],"predecessor-version":[{"id":8896,"href":"https:\/\/conselhodecultura.uma.pt\/en\/wp-json\/wp\/v2\/pages\/7788\/revisions\/8896"}],"wp:attachment":[{"href":"https:\/\/conselhodecultura.uma.pt\/en\/wp-json\/wp\/v2\/media?parent=7788"}],"curies":[{"name":"wp","href":"https:\/\/api.w.org\/{rel}","templated":true}]}}